{"id":3722,"date":"2025-07-03T15:51:08","date_gmt":"2025-07-03T15:51:08","guid":{"rendered":"https:\/\/catchyskincare.com\/?page_id=3722"},"modified":"2025-07-03T16:01:43","modified_gmt":"2025-07-03T16:01:43","slug":"politique-de-confidentialite","status":"publish","type":"page","link":"https:\/\/catchyskincare.com\/en\/politique-de-confidentialite\/","title":{"rendered":"Privacy Policy"},"content":{"rendered":"<div data-elementor-type=\"wp-page\" data-elementor-id=\"3722\" class=\"elementor elementor-3722\">\n\t\t\t\t\t\t<section class=\"elementor-section elementor-top-section elementor-element elementor-element-8fa8eee elementor-section-boxed elementor-section-height-default elementor-section-height-default\" data-id=\"8fa8eee\" data-element_type=\"section\" data-e-type=\"section\">\n\t\t\t\t\t\t<div class=\"elementor-container elementor-column-gap-default\">\n\t\t\t\t\t<div class=\"elementor-column elementor-col-100 elementor-top-column elementor-element elementor-element-e1407fd\" data-id=\"e1407fd\" data-element_type=\"column\" data-e-type=\"column\">\n\t\t\t<div class=\"elementor-widget-wrap elementor-element-populated\">\n\t\t\t\t\t\t<div class=\"elementor-element elementor-element-6edb220 elementor-widget elementor-widget-text-editor\" data-id=\"6edb220\" data-element_type=\"widget\" data-e-type=\"widget\" data-widget_type=\"text-editor.default\">\n\t\t\t\t<div class=\"elementor-widget-container\">\n\t\t\t\t\t\t\t\t\t<h4>Privacy Policy \u2013 Catchy<\/h4><h4>Introduction<\/h4><p>Welcome to Catchy. This privacy policy outlines our practices regarding the collection, use, processing, and disclosure of your information, including personal data, when you use our website.<\/p><h4>Information Collection<\/h4><p>Personal Information:<\/p><p>\u2013 Account Registration and Setup: When you register or purchase our products, we collect information such as your name, email address, and mailing address. This data enables us to provide our services, including order updates and customer support.<\/p><p>\u2013 Payment Information: Your payment details are collected during purchases but are not stored by us; they are processed by our secure payment partners.<\/p><p>\u2013 Cookies and Tracking Technologies: We use cookies to track activity on our site and store certain information. You can set your browser to refuse cookies or to notify you when cookies are being sent.<\/p><h4>Use of Information<\/h4><p>The information we collect is used to:<\/p><p>\u2013 \u2714 Provide, operate, and maintain our website<\/p><p>\u2013 \u2714 Improve, personalize, and expand our website<\/p><p>\u2013 \u2714 Analyze how our services are used<\/p><p>\u2013 \u2714 Develop new products and features<\/p><p>\u2013 \u2714 Communicate with you for customer service, updates, and marketing purposes<\/p><h4>Data Protection<\/h4><p>Catchy takes strict measures to protect your personal information from unauthorized access, use, or disclosure.<\/p><h4>Information Sharing and Disclosure<\/h4><p>\u2013 \u2714 Service Providers: We work with third parties who help facilitate our services (payment processors, technical services, etc.). These partners have access to your information solely to perform their tasks on our behalf and are obligated to keep it confidential.<\/p><p>\u2013 \u2714 Legal Compliance: We may disclose your information if required by law or in response to requests from public authorities.<\/p><h4>Your Data Protection Rights<\/h4><p>Depending on your location, you have the right to access, correct, update, or delete your personal data. You may also exercise your rights to restrict processing, data portability, or withdraw consent.<\/p><h4>Contact Us<\/h4><p>For any questions regarding this privacy policy, please contact us at: contact@catchy.ma<\/p>\t\t\t\t\t\t\t\t<\/div>\n\t\t\t\t<\/div>\n\t\t\t\t\t<\/div>\n\t\t<\/div>\n\t\t\t\t\t<\/div>\n\t\t<\/section>\n\t\t\t\t<\/div>","protected":false},"excerpt":{"rendered":"<p>Politique de Confidentialit\u00e9 &#8211; Catchy Introduction Bienvenue chez Catchy. Cette politique de confidentialit\u00e9 d\u00e9crit nos pratiques concernant la collecte, l\u2019utilisation, le traitement&hellip;<\/p>","protected":false},"author":1,"featured_media":0,"parent":0,"menu_order":0,"comment_status":"closed","ping_status":"closed","template":"","meta":{"footnotes":""},"class_list":["post-3722","page","type-page","status-publish","hentry"],"_links":{"self":[{"href":"https:\/\/catchyskincare.com\/en\/wp-json\/wp\/v2\/pages\/3722","targetHints":{"allow":["GET"]}}],"collection":[{"href":"https:\/\/catchyskincare.com\/en\/wp-json\/wp\/v2\/pages"}],"about":[{"href":"https:\/\/catchyskincare.com\/en\/wp-json\/wp\/v2\/types\/page"}],"author":[{"embeddable":true,"href":"https:\/\/catchyskincare.com\/en\/wp-json\/wp\/v2\/users\/1"}],"replies":[{"embeddable":true,"href":"https:\/\/catchyskincare.com\/en\/wp-json\/wp\/v2\/comments?post=3722"}],"version-history":[{"count":5,"href":"https:\/\/catchyskincare.com\/en\/wp-json\/wp\/v2\/pages\/3722\/revisions"}],"predecessor-version":[{"id":3733,"href":"https:\/\/catchyskincare.com\/en\/wp-json\/wp\/v2\/pages\/3722\/revisions\/3733"}],"wp:attachment":[{"href":"https:\/\/catchyskincare.com\/en\/wp-json\/wp\/v2\/media?parent=3722"}],"curies":[{"name":"wp","href":"https:\/\/api.w.org\/{rel}","templated":true}]}}